{"id":46,"date":"2024-11-08T15:35:22","date_gmt":"2024-11-08T15:35:22","guid":{"rendered":"https:\/\/3dmakers.glooman.es\/?page_id=46"},"modified":"2025-02-07T13:50:08","modified_gmt":"2025-02-07T13:50:08","slug":"politica-de-cookies","status":"publish","type":"page","link":"https:\/\/3dglooman.es\/?page_id=46","title":{"rendered":"Politica de Cookies"},"content":{"rendered":"<p>[et_pb_section fb_built=\u00bb1&#8243; specialty=\u00bbon\u00bb admin_label=\u00bbHeader\u00bb _builder_version=\u00bb4.16&#8243; use_background_color_gradient=\u00bbon\u00bb background_color_gradient_direction=\u00bb90deg\u00bb background_color_gradient_stops=\u00bbrgba(0,0,0,0) 64%|#4a00d8 64%\u00bb background_color_gradient_start=\u00bbrgba(0,0,0,0)\u00bb background_color_gradient_start_position=\u00bb64%\u00bb background_color_gradient_end=\u00bb#4a00d8&#8243; background_color_gradient_end_position=\u00bb0%\u00bb custom_padding=\u00bb8vw||||false|false\u00bb background_last_edited=\u00bbon|tablet\u00bb background_color_gradient_direction_tablet=\u00bb-180deg\u00bb locked=\u00bboff\u00bb global_colors_info=\u00bb{}\u00bb theme_builder_area=\u00bbpost_content\u00bb][et_pb_column type=\u00bb1_2&#8243; _builder_version=\u00bb4.16&#8243; custom_padding=\u00bb|||\u00bb global_colors_info=\u00bb{}\u00bb custom_padding__hover=\u00bb|||\u00bb theme_builder_area=\u00bbpost_content\u00bb][et_pb_text _builder_version=\u00bb4.16&#8243; header_font=\u00bbRoboto Condensed|700||on|||||\u00bb header_font_size=\u00bb80px\u00bb header_line_height=\u00bb1.1em\u00bb header_font_size_tablet=\u00bb60px\u00bb header_font_size_phone=\u00bb40px\u00bb header_font_size_last_edited=\u00bbon|desktop\u00bb locked=\u00bboff\u00bb global_colors_info=\u00bb{}\u00bb theme_builder_area=\u00bbpost_content\u00bb]<\/p>\n<h1><span style=\"color: #4a00d8;\">3D<\/span> MaKERS GLOOMAN<\/h1>\n<p>[\/et_pb_text][et_pb_button button_url=\u00bbhttps:\/\/glooman.es\/\u00bb url_new_window=\u00bbon\u00bb button_text=\u00bbVISITAR GLOOMAN WORLD\u00bb button_alignment=\u00bbleft\u00bb _builder_version=\u00bb4.27.2&#8243; custom_button=\u00bbon\u00bb button_text_size=\u00bb14px\u00bb button_text_color=\u00bb#ffffff\u00bb button_bg_color=\u00bb#fc3f3f\u00bb button_border_width=\u00bb0px\u00bb button_border_radius=\u00bb0px\u00bb button_letter_spacing=\u00bb2px\u00bb button_font=\u00bbRoboto Condensed|700||on|||||\u00bb button_icon=\u00bb&#x24;||divi||400&#8243; button_on_hover=\u00bboff\u00bb custom_padding=\u00bb16px|36px|16px|22px|true|false\u00bb box_shadow_style=\u00bbpreset3&#8243; box_shadow_color=\u00bbrgba(252,63,63,0.48)\u00bb locked=\u00bboff\u00bb global_colors_info=\u00bb{}\u00bb custom_padding__hover=\u00bb|40px||26px|true|false\u00bb custom_padding__hover_enabled=\u00bbon|hover\u00bb theme_builder_area=\u00bbpost_content\u00bb][\/et_pb_button][\/et_pb_column][et_pb_column type=\u00bb1_2&#8243; specialty_columns=\u00bb2&#8243; _builder_version=\u00bb4.16&#8243; custom_padding=\u00bb|||\u00bb global_colors_info=\u00bb{}\u00bb custom_padding__hover=\u00bb|||\u00bb theme_builder_area=\u00bbpost_content\u00bb][et_pb_row_inner _builder_version=\u00bb4.27.2&#8243; _module_preset=\u00bbdefault\u00bb global_colors_info=\u00bb{}\u00bb theme_builder_area=\u00bbpost_content\u00bb][et_pb_column_inner saved_specialty_column_type=\u00bb1_2&#8243; _builder_version=\u00bb4.27.2&#8243; _module_preset=\u00bbdefault\u00bb global_colors_info=\u00bb{}\u00bb theme_builder_area=\u00bbpost_content\u00bb][et_pb_image src=\u00bbhttps:\/\/3dglooman.es\/wp-content\/uploads\/2024\/11\/GloomanWorld.png\u00bb title_text=\u00bbGloomanWorld\u00bb url=\u00bbhttps:\/\/glooman.es\/\u00bb url_new_window=\u00bbon\u00bb _builder_version=\u00bb4.27.2&#8243; _module_preset=\u00bbdefault\u00bb border_radii=\u00bbon|24px|24px|24px|24px\u00bb global_colors_info=\u00bb{}\u00bb theme_builder_area=\u00bbpost_content\u00bb][\/et_pb_image][\/et_pb_column_inner][\/et_pb_row_inner][\/et_pb_column][\/et_pb_section][et_pb_section fb_built=\u00bb1&#8243; admin_label=\u00bbAbout\u00bb _builder_version=\u00bb4.16&#8243; global_colors_info=\u00bb{}\u00bb][et_pb_row _builder_version=\u00bb4.16&#8243; locked=\u00bboff\u00bb global_colors_info=\u00bb{}\u00bb][et_pb_column type=\u00bb4_4&#8243; _builder_version=\u00bb4.16&#8243; global_colors_info=\u00bb{}\u00bb][et_pb_text _builder_version=\u00bb4.27.0&#8243; _module_preset=\u00bbdefault\u00bb text_font_size=\u00bb16px\u00bb global_colors_info=\u00bb{}\u00bb]<\/p>\n<h2 class=\"p1\"><strong>Pol\u00edtica de Cookies<\/strong><\/h2>\n<p><strong><\/strong><\/p>\n<p><strong><\/strong><\/p>\n<p class=\"p1\">Fecha de vigencia: 31 de mayo de 2024<\/p>\n<p class=\"p1\">\u00daltima actualizaci\u00f3n: 31 de mayo de 2024<\/p>\n<p class=\"p1\"><strong>1. Introducci\u00f3n<\/strong><\/p>\n<p class=\"p1\">En <strong>Glooman World S.L.<\/strong>\u00a0utilizamos cookies y tecnolog\u00edas similares para mejorar tu experiencia de usuario en nuestro sitio web, analizar el tr\u00e1fico y personalizar el contenido. Al continuar navegando, aceptas el uso de cookies bajo las condiciones descritas en esta pol\u00edtica.<\/p>\n<p class=\"p1\"><strong>2. \u00bfQu\u00e9 son las cookies?<\/strong><\/p>\n<p class=\"p1\">Las cookies son peque\u00f1os archivos de texto que se almacenan en tu dispositivo cuando visitas un sitio web. Estos archivos permiten recordar tus preferencias y acciones durante un periodo de tiempo, lo que facilita y mejora tu experiencia de navegaci\u00f3n.<\/p>\n<p class=\"p1\"><strong>3. Tipos de Cookies Utilizadas<\/strong><\/p>\n<p class=\"p1\">Nuestro sitio web utiliza los siguientes tipos de cookies:<\/p>\n<p class=\"p1\">&#8211; <strong>Cookies t\u00e9cnicas o necesarias<\/strong>: Son esenciales para el funcionamiento del sitio web y permiten acceder a funciones b\u00e1sicas, como la navegaci\u00f3n o la seguridad. Estas cookies no requieren tu consentimiento.<\/p>\n<p class=\"p1\">&#8211; <strong>Cookies de an\u00e1lisis<\/strong>: Nos permiten entender c\u00f3mo los usuarios interact\u00faan con nuestro sitio web recopilando informaci\u00f3n de forma an\u00f3nima. Utilizamos esta informaci\u00f3n para mejorar continuamente nuestro sitio.<\/p>\n<p class=\"p1\"><strong>4. \u00bfC\u00f3mo gestionar las cookies?<\/strong><\/p>\n<p class=\"p1\">Puedes permitir, bloquear o eliminar las cookies instaladas en tu dispositivo a trav\u00e9s de la configuraci\u00f3n de tu navegador. A continuaci\u00f3n, te proporcionamos enlaces a las instrucciones de configuraci\u00f3n para los navegadores m\u00e1s comunes:<\/p>\n<p class=\"p1\">&#8211; <a href=\"https:\/\/support.google.com\/chrome\/answer\/95647?hl=es\">Google Chrome<\/a><\/p>\n<p class=\"p1\">&#8211; <a href=\"https:\/\/support.mozilla.org\/es\/kb\/habilitar-y-deshabilitar-cookies-sitios-web-rastrear-preferencias\">Mozilla Firefox<\/a><\/p>\n<p class=\"p1\">&#8211; <a href=\"https:\/\/support.apple.com\/es-es\/guide\/safari\/sfri11471\/mac\">Safari<\/a><\/p>\n<p class=\"p1\">&#8211; <a href=\"https:\/\/support.microsoft.com\/es-es\/microsoft-edge\/eliminar-las-cookies-en-microsoft-edge-63947406-40ac-c3b8-57b9-2a946a29ae09\">Microsoft Edge<\/a><\/p>\n<p class=\"p1\">Ten en cuenta que si deshabilitas algunas cookies, es posible que ciertas funcionalidades del sitio web no funcionen correctamente.<\/p>\n<p class=\"p1\"><strong>5. Cambios en la Pol\u00edtica de Cookies<\/strong><\/p>\n<p class=\"p1\">Nos reservamos el derecho a actualizar esta pol\u00edtica de cookies en cualquier momento para adaptarla a cambios legislativos o a nuestras pr\u00e1cticas. Cualquier modificaci\u00f3n ser\u00e1 publicada en este mismo sitio web.<\/p>\n<p class=\"p1\"><strong>6. Contacto<\/strong><\/p>\n<p class=\"p1\">Si tienes alguna pregunta sobre el uso de cookies en nuestro sitio web, no dudes en contactarnos a trav\u00e9s del correo electr\u00f3nico: <a href=\"mailto:rgpd@glooman.com\">rgpd@glooman.com<\/a>.<\/p>\n<p>[\/et_pb_text][\/et_pb_column][\/et_pb_row][\/et_pb_section]<\/p>\n","protected":false},"excerpt":{"rendered":"<p>3D MaKERS GLOOMANPol\u00edtica de Cookies Fecha de vigencia: 31 de mayo de 2024 \u00daltima actualizaci\u00f3n: 31 de mayo de 2024 1. Introducci\u00f3n En Glooman World S.L.\u00a0utilizamos cookies y tecnolog\u00edas similares para mejorar tu experiencia de usuario en nuestro sitio web, analizar el tr\u00e1fico y personalizar el contenido. Al continuar navegando, aceptas el uso de cookies [&hellip;]<\/p>\n","protected":false},"author":1,"featured_media":0,"parent":0,"menu_order":0,"comment_status":"closed","ping_status":"closed","template":"","meta":{"_et_pb_use_builder":"on","_et_pb_old_content":"<!-- wp:divi\/placeholder \/-->","_et_gb_content_width":"","footnotes":""},"class_list":["post-46","page","type-page","status-publish","hentry"],"yoast_head":"<!-- This site is optimized with the Yoast SEO plugin v27.2 - https:\/\/yoast.com\/product\/yoast-seo-wordpress\/ -->\n<title>Politica de Cookies - 3D Makers<\/title>\n<meta name=\"robots\" content=\"index, follow, max-snippet:-1, max-image-preview:large, max-video-preview:-1\" \/>\n<link rel=\"canonical\" href=\"https:\/\/3dglooman.es\/?page_id=46\" \/>\n<meta property=\"og:locale\" content=\"es_ES\" \/>\n<meta property=\"og:type\" content=\"article\" \/>\n<meta property=\"og:title\" content=\"Politica de Cookies - 3D Makers\" \/>\n<meta property=\"og:description\" content=\"3D MaKERS GLOOMANPol\u00edtica de Cookies Fecha de vigencia: 31 de mayo de 2024 \u00daltima actualizaci\u00f3n: 31 de mayo de 2024 1. Introducci\u00f3n En Glooman World S.L.\u00a0utilizamos cookies y tecnolog\u00edas similares para mejorar tu experiencia de usuario en nuestro sitio web, analizar el tr\u00e1fico y personalizar el contenido. Al continuar navegando, aceptas el uso de cookies [&hellip;]\" \/>\n<meta property=\"og:url\" content=\"https:\/\/3dglooman.es\/?page_id=46\" \/>\n<meta property=\"og:site_name\" content=\"3D Makers\" \/>\n<meta property=\"article:modified_time\" content=\"2025-02-07T13:50:08+00:00\" \/>\n<meta property=\"og:image\" content=\"https:\/\/3dglooman.es\/wp-content\/uploads\/2024\/11\/LOGO-GLOOMAN-DEFINITIVO.png\" \/>\n\t<meta property=\"og:image:width\" content=\"2899\" \/>\n\t<meta property=\"og:image:height\" content=\"1015\" \/>\n\t<meta property=\"og:image:type\" content=\"image\/png\" \/>\n<meta name=\"twitter:card\" content=\"summary_large_image\" \/>\n<script type=\"application\/ld+json\" class=\"yoast-schema-graph\">{\"@context\":\"https:\/\/schema.org\",\"@graph\":[{\"@type\":\"WebPage\",\"@id\":\"https:\/\/3dglooman.es\/?page_id=46\",\"url\":\"https:\/\/3dglooman.es\/?page_id=46\",\"name\":\"Politica de Cookies - 3D Makers\",\"isPartOf\":{\"@id\":\"https:\/\/3dglooman.es\/#website\"},\"datePublished\":\"2024-11-08T15:35:22+00:00\",\"dateModified\":\"2025-02-07T13:50:08+00:00\",\"breadcrumb\":{\"@id\":\"https:\/\/3dglooman.es\/?page_id=46#breadcrumb\"},\"inLanguage\":\"es\",\"potentialAction\":[{\"@type\":\"ReadAction\",\"target\":[\"https:\/\/3dglooman.es\/?page_id=46\"]}]},{\"@type\":\"BreadcrumbList\",\"@id\":\"https:\/\/3dglooman.es\/?page_id=46#breadcrumb\",\"itemListElement\":[{\"@type\":\"ListItem\",\"position\":1,\"name\":\"Portada\",\"item\":\"https:\/\/3dglooman.es\/\"},{\"@type\":\"ListItem\",\"position\":2,\"name\":\"Politica de Cookies\"}]},{\"@type\":\"WebSite\",\"@id\":\"https:\/\/3dglooman.es\/#website\",\"url\":\"https:\/\/3dglooman.es\/\",\"name\":\"3D Makers\",\"description\":\"\",\"potentialAction\":[{\"@type\":\"SearchAction\",\"target\":{\"@type\":\"EntryPoint\",\"urlTemplate\":\"https:\/\/3dglooman.es\/?s={search_term_string}\"},\"query-input\":{\"@type\":\"PropertyValueSpecification\",\"valueRequired\":true,\"valueName\":\"search_term_string\"}}],\"inLanguage\":\"es\"}]}<\/script>\n<!-- \/ Yoast SEO plugin. -->","yoast_head_json":{"title":"Politica de Cookies - 3D Makers","robots":{"index":"index","follow":"follow","max-snippet":"max-snippet:-1","max-image-preview":"max-image-preview:large","max-video-preview":"max-video-preview:-1"},"canonical":"https:\/\/3dglooman.es\/?page_id=46","og_locale":"es_ES","og_type":"article","og_title":"Politica de Cookies - 3D Makers","og_description":"3D MaKERS GLOOMANPol\u00edtica de Cookies Fecha de vigencia: 31 de mayo de 2024 \u00daltima actualizaci\u00f3n: 31 de mayo de 2024 1. Introducci\u00f3n En Glooman World S.L.\u00a0utilizamos cookies y tecnolog\u00edas similares para mejorar tu experiencia de usuario en nuestro sitio web, analizar el tr\u00e1fico y personalizar el contenido. Al continuar navegando, aceptas el uso de cookies [&hellip;]","og_url":"https:\/\/3dglooman.es\/?page_id=46","og_site_name":"3D Makers","article_modified_time":"2025-02-07T13:50:08+00:00","og_image":[{"width":2899,"height":1015,"url":"https:\/\/3dglooman.es\/wp-content\/uploads\/2024\/11\/LOGO-GLOOMAN-DEFINITIVO.png","type":"image\/png"}],"twitter_card":"summary_large_image","schema":{"@context":"https:\/\/schema.org","@graph":[{"@type":"WebPage","@id":"https:\/\/3dglooman.es\/?page_id=46","url":"https:\/\/3dglooman.es\/?page_id=46","name":"Politica de Cookies - 3D Makers","isPartOf":{"@id":"https:\/\/3dglooman.es\/#website"},"datePublished":"2024-11-08T15:35:22+00:00","dateModified":"2025-02-07T13:50:08+00:00","breadcrumb":{"@id":"https:\/\/3dglooman.es\/?page_id=46#breadcrumb"},"inLanguage":"es","potentialAction":[{"@type":"ReadAction","target":["https:\/\/3dglooman.es\/?page_id=46"]}]},{"@type":"BreadcrumbList","@id":"https:\/\/3dglooman.es\/?page_id=46#breadcrumb","itemListElement":[{"@type":"ListItem","position":1,"name":"Portada","item":"https:\/\/3dglooman.es\/"},{"@type":"ListItem","position":2,"name":"Politica de Cookies"}]},{"@type":"WebSite","@id":"https:\/\/3dglooman.es\/#website","url":"https:\/\/3dglooman.es\/","name":"3D Makers","description":"","potentialAction":[{"@type":"SearchAction","target":{"@type":"EntryPoint","urlTemplate":"https:\/\/3dglooman.es\/?s={search_term_string}"},"query-input":{"@type":"PropertyValueSpecification","valueRequired":true,"valueName":"search_term_string"}}],"inLanguage":"es"}]}},"_links":{"self":[{"href":"https:\/\/3dglooman.es\/index.php?rest_route=\/wp\/v2\/pages\/46","targetHints":{"allow":["GET"]}}],"collection":[{"href":"https:\/\/3dglooman.es\/index.php?rest_route=\/wp\/v2\/pages"}],"about":[{"href":"https:\/\/3dglooman.es\/index.php?rest_route=\/wp\/v2\/types\/page"}],"author":[{"embeddable":true,"href":"https:\/\/3dglooman.es\/index.php?rest_route=\/wp\/v2\/users\/1"}],"replies":[{"embeddable":true,"href":"https:\/\/3dglooman.es\/index.php?rest_route=%2Fwp%2Fv2%2Fcomments&post=46"}],"version-history":[{"count":4,"href":"https:\/\/3dglooman.es\/index.php?rest_route=\/wp\/v2\/pages\/46\/revisions"}],"predecessor-version":[{"id":210,"href":"https:\/\/3dglooman.es\/index.php?rest_route=\/wp\/v2\/pages\/46\/revisions\/210"}],"wp:attachment":[{"href":"https:\/\/3dglooman.es\/index.php?rest_route=%2Fwp%2Fv2%2Fmedia&parent=46"}],"curies":[{"name":"wp","href":"https:\/\/api.w.org\/{rel}","templated":true}]}}